{"id":24739,"date":"2019-08-22T09:40:00","date_gmt":"2019-08-22T09:40:00","guid":{"rendered":"https:\/\/agendagotsch.com\/donation-history\/"},"modified":"2019-08-22T16:37:49","modified_gmt":"2019-08-22T16:37:49","slug":"donation-history","status":"publish","type":"page","link":"https:\/\/agendagotsch.com\/pt\/donation-history\/","title":{"rendered":"Hist\u00f3rico de transa\u00e7\u00f5es"},"content":{"rendered":"<div style=\"min-height: 30px;\"><\/div>[donation_history]","protected":false},"excerpt":{"rendered":"<p>[donation_history]<\/p>","protected":false},"author":1,"featured_media":0,"parent":0,"menu_order":0,"comment_status":"closed","ping_status":"closed","template":"template-full-width.php","meta":[],"_links":{"self":[{"href":"https:\/\/agendagotsch.com\/pt\/wp-json\/wp\/v2\/pages\/24739"}],"collection":[{"href":"https:\/\/agendagotsch.com\/pt\/wp-json\/wp\/v2\/pages"}],"about":[{"href":"https:\/\/agendagotsch.com\/pt\/wp-json\/wp\/v2\/types\/page"}],"author":[{"embeddable":true,"href":"https:\/\/agendagotsch.com\/pt\/wp-json\/wp\/v2\/users\/1"}],"replies":[{"embeddable":true,"href":"https:\/\/agendagotsch.com\/pt\/wp-json\/wp\/v2\/comments?post=24739"}],"version-history":[{"count":0,"href":"https:\/\/agendagotsch.com\/pt\/wp-json\/wp\/v2\/pages\/24739\/revisions"}],"wp:attachment":[{"href":"https:\/\/agendagotsch.com\/pt\/wp-json\/wp\/v2\/media?parent=24739"}],"curies":[{"name":"wp","href":"https:\/\/api.w.org\/{rel}","templated":true}]}}