{"id":24213,"date":"2019-08-04T11:52:06","date_gmt":"2019-08-04T11:52:06","guid":{"rendered":"https:\/\/agendagotsch.com\/?page_id=24213"},"modified":"2023-10-04T11:15:32","modified_gmt":"2023-10-04T11:15:32","slug":"agenda-gotsch-collection","status":"publish","type":"page","link":"https:\/\/agendagotsch.com\/pt\/agenda-gotsch-collection\/","title":{"rendered":"Acervo Agenda Gotsch"},"content":{"rendered":"<div style=\"min-height: 30px;\"><\/div>\t\t<div data-elementor-type=\"wp-post\" data-elementor-id=\"24213\" class=\"elementor elementor-24213\" data-elementor-settings=\"[]\">\n\t\t\t\t\t\t<div class=\"elementor-inner\">\n\t\t\t\t\t\t\t<div class=\"elementor-section-wrap\">\n\t\t\t\t\t\t\t<section class=\"elementor-section elementor-top-section elementor-element elementor-element-55c0677 elementor-section-boxed elementor-section-height-default elementor-section-height-default\" data-id=\"55c0677\" data-element_type=\"section\">\n\t\t\t\t\t\t<div class=\"elementor-container elementor-column-gap-default\">\n\t\t\t\t\t\t\t<div class=\"elementor-row\">\n\t\t\t\t\t<div class=\"elementor-column elementor-col-100 elementor-top-column elementor-element elementor-element-5c31f4d\" data-id=\"5c31f4d\" data-element_type=\"column\">\n\t\t\t<div class=\"elementor-column-wrap elementor-element-populated\">\n\t\t\t\t\t\t\t<div class=\"elementor-widget-wrap\">\n\t\t\t\t\t\t<div class=\"elementor-element elementor-element-cda7b5b elementor-widget elementor-widget-text-editor\" data-id=\"cda7b5b\" data-element_type=\"widget\" data-widget_type=\"text-editor.default\">\n\t\t\t\t<div class=\"elementor-widget-container\">\n\t\t\t\t\t\t\t\t<div class=\"elementor-text-editor elementor-clearfix\">\n\t\t\t\t<p>Temos centenas de horas de <span style=\"color: #275628;\"><strong>de registro audiovisual in\u00e9dito de Ernst G\u00f6tsch<\/strong>.<\/span> Nossa limita\u00e7\u00e3o sempre foi a edi\u00e7\u00e3o que \u00e9 muito cara e demorada. Mas agora, <span style=\"color: #275628;\"><strong>gra\u00e7as ao apoio dos nossos assinantes<\/strong><\/span>, podemos retomar aos poucos esse arquivo e <span style=\"color: #275628;\"><strong>compartilhar aqui com voc\u00eas<\/strong>.<\/span><\/p>\t\t\t\t\t<\/div>\n\t\t\t\t\t\t<\/div>\n\t\t\t\t<\/div>\n\t\t\t\t<div class=\"elementor-element elementor-element-d118298 elementor-widget elementor-widget-text-editor\" data-id=\"d118298\" data-element_type=\"widget\" data-widget_type=\"text-editor.default\">\n\t\t\t\t<div class=\"elementor-widget-container\">\n\t\t\t\t\t\t\t\t<div class=\"elementor-text-editor elementor-clearfix\">\n\t\t\t\t<p><em>Since the videos in this series are longer than usual, we need help with translations. If you speak Portuguese plus other language and have some time available to do that, please get in touch or send it in text to <strong>agendagotsch@gmail.com<\/strong>\u00a0. We will be more than happy to include the caption right away.<\/em><\/p>\t\t\t\t\t<\/div>\n\t\t\t\t\t\t<\/div>\n\t\t\t\t<\/div>\n\t\t\t\t\t\t<\/div>\n\t\t\t\t\t<\/div>\n\t\t<\/div>\n\t\t\t\t\t\t\t\t<\/div>\n\t\t\t\t\t<\/div>\n\t\t<\/section>\n\t\t\t\t<section class=\"elementor-section elementor-top-section elementor-element elementor-element-8023473 elementor-section-boxed elementor-section-height-default elementor-section-height-default\" data-id=\"8023473\" data-element_type=\"section\">\n\t\t\t\t\t\t<div class=\"elementor-container elementor-column-gap-default\">\n\t\t\t\t\t\t\t<div class=\"elementor-row\">\n\t\t\t\t\t<div class=\"elementor-column elementor-col-100 elementor-top-column elementor-element elementor-element-451ede1\" data-id=\"451ede1\" data-element_type=\"column\">\n\t\t\t<div class=\"elementor-column-wrap elementor-element-populated\">\n\t\t\t\t\t\t\t<div class=\"elementor-widget-wrap\">\n\t\t\t\t\t\t<section class=\"elementor-section elementor-inner-section elementor-element elementor-element-a0bf6c1 elementor-section-boxed elementor-section-height-default elementor-section-height-default\" data-id=\"a0bf6c1\" data-element_type=\"section\">\n\t\t\t\t\t\t<div class=\"elementor-container elementor-column-gap-default\">\n\t\t\t\t\t\t\t<div class=\"elementor-row\">\n\t\t\t\t\t<div class=\"elementor-column elementor-col-50 elementor-inner-column elementor-element elementor-element-c7bfe8c\" data-id=\"c7bfe8c\" data-element_type=\"column\">\n\t\t\t<div class=\"elementor-column-wrap elementor-element-populated\">\n\t\t\t\t\t\t\t<div class=\"elementor-widget-wrap\">\n\t\t\t\t\t\t<div class=\"elementor-element elementor-element-6be6808 elementor-aspect-ratio-169 elementor-widget elementor-widget-video\" data-id=\"6be6808\" data-element_type=\"widget\" data-settings=\"{&quot;video_type&quot;:&quot;vimeo&quot;,&quot;aspect_ratio&quot;:&quot;169&quot;}\" data-widget_type=\"video.default\">\n\t\t\t\t<div class=\"elementor-widget-container\">\n\t\t\t\t\t<div class=\"elementor-wrapper elementor-fit-aspect-ratio elementor-open-inline\">\n\t\t\t<iframe class=\"elementor-video-iframe\" allowfullscreen title=\"Player de V\u00eddeo vimeo\" src=\"https:\/\/player.vimeo.com\/video\/353126797?color&amp;autopause=0&amp;loop=0&amp;muted=0&amp;title=1&amp;portrait=1&amp;byline=1#t=\"><\/iframe>\t\t<\/div>\n\t\t\t\t<\/div>\n\t\t\t\t<\/div>\n\t\t\t\t\t\t<\/div>\n\t\t\t\t\t<\/div>\n\t\t<\/div>\n\t\t\t\t<div class=\"elementor-column elementor-col-50 elementor-inner-column elementor-element elementor-element-05ff232\" data-id=\"05ff232\" data-element_type=\"column\">\n\t\t\t<div class=\"elementor-column-wrap elementor-element-populated\">\n\t\t\t\t\t\t\t<div class=\"elementor-widget-wrap\">\n\t\t\t\t\t\t<div class=\"elementor-element elementor-element-b3d61df elementor-widget elementor-widget-text-editor\" data-id=\"b3d61df\" data-element_type=\"widget\" data-widget_type=\"text-editor.default\">\n\t\t\t\t<div class=\"elementor-widget-container\">\n\t\t\t\t\t\t\t\t<div class=\"elementor-text-editor elementor-clearfix\">\n\t\t\t\t<p><strong>\"Os humanos perderam seu habitat natural\" <\/strong>- n\u00f3s perdemos nossa estepe e desde ent\u00e3o desperdi\u00e7amos oportunidades de encontrar um novo nicho em ecossistemas florestais.<\/p>\t\t\t\t\t<\/div>\n\t\t\t\t\t\t<\/div>\n\t\t\t\t<\/div>\n\t\t\t\t\t\t<\/div>\n\t\t\t\t\t<\/div>\n\t\t<\/div>\n\t\t\t\t\t\t\t\t<\/div>\n\t\t\t\t\t<\/div>\n\t\t<\/section>\n\t\t\t\t<div class=\"elementor-element elementor-element-4206abc elementor-widget elementor-widget-spacer\" data-id=\"4206abc\" data-element_type=\"widget\" data-widget_type=\"spacer.default\">\n\t\t\t\t<div class=\"elementor-widget-container\">\n\t\t\t\t\t<div class=\"elementor-spacer\">\n\t\t\t<div class=\"elementor-spacer-inner\"><\/div>\n\t\t<\/div>\n\t\t\t\t<\/div>\n\t\t\t\t<\/div>\n\t\t\t\t<section class=\"elementor-section elementor-inner-section elementor-element elementor-element-1cbb0f1 elementor-section-boxed elementor-section-height-default elementor-section-height-default\" data-id=\"1cbb0f1\" data-element_type=\"section\">\n\t\t\t\t\t\t<div class=\"elementor-container elementor-column-gap-default\">\n\t\t\t\t\t\t\t<div class=\"elementor-row\">\n\t\t\t\t\t<div class=\"elementor-column elementor-col-50 elementor-inner-column elementor-element elementor-element-a8a4813\" data-id=\"a8a4813\" data-element_type=\"column\">\n\t\t\t<div class=\"elementor-column-wrap elementor-element-populated\">\n\t\t\t\t\t\t\t<div class=\"elementor-widget-wrap\">\n\t\t\t\t\t\t<div class=\"elementor-element elementor-element-d799cf9 elementor-widget elementor-widget-text-editor\" data-id=\"d799cf9\" data-element_type=\"widget\" data-widget_type=\"text-editor.default\">\n\t\t\t\t<div class=\"elementor-widget-container\">\n\t\t\t\t\t\t\t\t<div class=\"elementor-text-editor elementor-clearfix\">\n\t\t\t\t<p><strong>\"Agriculturas sustent\u00e1veis ou suport\u00e1veis?\"\u00a0<\/strong>Reflex\u00f5es sobre sistemas ancestrais, como o milho com feij\u00e3o na Costa Rica, arroz na Indon\u00e9sia, gr\u00e3o e pasto na europa, bufalos entre bananas, etc.<\/p>\t\t\t\t\t<\/div>\n\t\t\t\t\t\t<\/div>\n\t\t\t\t<\/div>\n\t\t\t\t\t\t<\/div>\n\t\t\t\t\t<\/div>\n\t\t<\/div>\n\t\t\t\t<div class=\"elementor-column elementor-col-50 elementor-inner-column elementor-element elementor-element-0da2a1f\" data-id=\"0da2a1f\" data-element_type=\"column\">\n\t\t\t<div class=\"elementor-column-wrap elementor-element-populated\">\n\t\t\t\t\t\t\t<div class=\"elementor-widget-wrap\">\n\t\t\t\t\t\t<div class=\"elementor-element elementor-element-14893c7 elementor-aspect-ratio-169 elementor-widget elementor-widget-video\" data-id=\"14893c7\" data-element_type=\"widget\" data-settings=\"{&quot;video_type&quot;:&quot;vimeo&quot;,&quot;aspect_ratio&quot;:&quot;169&quot;}\" data-widget_type=\"video.default\">\n\t\t\t\t<div class=\"elementor-widget-container\">\n\t\t\t\t\t<div class=\"elementor-wrapper elementor-fit-aspect-ratio elementor-open-inline\">\n\t\t\t<iframe class=\"elementor-video-iframe\" allowfullscreen title=\"Player de V\u00eddeo vimeo\" src=\"https:\/\/player.vimeo.com\/video\/353132787?color&amp;autopause=0&amp;loop=0&amp;muted=0&amp;title=1&amp;portrait=1&amp;byline=1#t=\"><\/iframe>\t\t<\/div>\n\t\t\t\t<\/div>\n\t\t\t\t<\/div>\n\t\t\t\t\t\t<\/div>\n\t\t\t\t\t<\/div>\n\t\t<\/div>\n\t\t\t\t\t\t\t\t<\/div>\n\t\t\t\t\t<\/div>\n\t\t<\/section>\n\t\t\t\t\t\t<\/div>\n\t\t\t\t\t<\/div>\n\t\t<\/div>\n\t\t\t\t\t\t\t\t<\/div>\n\t\t\t\t\t<\/div>\n\t\t<\/section>\n\t\t\t\t<section class=\"elementor-section elementor-top-section elementor-element elementor-element-d447c4d elementor-section-boxed elementor-section-height-default elementor-section-height-default\" data-id=\"d447c4d\" data-element_type=\"section\">\n\t\t\t\t\t\t<div class=\"elementor-container elementor-column-gap-default\">\n\t\t\t\t\t\t\t<div class=\"elementor-row\">\n\t\t\t\t\t<div class=\"elementor-column elementor-col-100 elementor-top-column elementor-element elementor-element-76602e2\" data-id=\"76602e2\" data-element_type=\"column\">\n\t\t\t<div class=\"elementor-column-wrap\">\n\t\t\t\t\t\t\t<div class=\"elementor-widget-wrap\">\n\t\t\t\t\t\t\t\t<\/div>\n\t\t\t\t\t<\/div>\n\t\t<\/div>\n\t\t\t\t\t\t\t\t<\/div>\n\t\t\t\t\t<\/div>\n\t\t<\/section>\n\t\t\t\t\t\t<\/div>\n\t\t\t\t\t\t<\/div>\n\t\t\t\t\t<\/div>","protected":false},"excerpt":{"rendered":"<p>We have hundreds of hours of Ernst G\u00f6tsch\u2019s unpublished material. Our limitation has always been the expensive and time-consuming process of editing. But now, thanks to our subscriber\u2019s support, we can slowly revisit these files and share them here with you. Since the videos in this series are longer than usual, we need help with [&hellip;]<\/p>","protected":false},"author":1,"featured_media":12834,"parent":0,"menu_order":0,"comment_status":"closed","ping_status":"closed","template":"","meta":[],"_links":{"self":[{"href":"https:\/\/agendagotsch.com\/pt\/wp-json\/wp\/v2\/pages\/24213"}],"collection":[{"href":"https:\/\/agendagotsch.com\/pt\/wp-json\/wp\/v2\/pages"}],"about":[{"href":"https:\/\/agendagotsch.com\/pt\/wp-json\/wp\/v2\/types\/page"}],"author":[{"embeddable":true,"href":"https:\/\/agendagotsch.com\/pt\/wp-json\/wp\/v2\/users\/1"}],"replies":[{"embeddable":true,"href":"https:\/\/agendagotsch.com\/pt\/wp-json\/wp\/v2\/comments?post=24213"}],"version-history":[{"count":3,"href":"https:\/\/agendagotsch.com\/pt\/wp-json\/wp\/v2\/pages\/24213\/revisions"}],"predecessor-version":[{"id":83465,"href":"https:\/\/agendagotsch.com\/pt\/wp-json\/wp\/v2\/pages\/24213\/revisions\/83465"}],"wp:featuredmedia":[{"embeddable":true,"href":"https:\/\/agendagotsch.com\/pt\/wp-json\/wp\/v2\/media\/12834"}],"wp:attachment":[{"href":"https:\/\/agendagotsch.com\/pt\/wp-json\/wp\/v2\/media?parent=24213"}],"curies":[{"name":"wp","href":"https:\/\/api.w.org\/{rel}","templated":true}]}}