{"id":24205,"date":"2019-08-04T10:24:54","date_gmt":"2019-08-04T10:24:54","guid":{"rendered":"https:\/\/agendagotsch.com\/?page_id=24205"},"modified":"2019-08-04T10:31:27","modified_gmt":"2019-08-04T10:31:27","slug":"cepeas-articles","status":"publish","type":"page","link":"https:\/\/agendagotsch.com\/pt\/cepeas-articles\/","title":{"rendered":"Artigos Cepeas"},"content":{"rendered":"<div style=\"min-height: 30px;\"><input id=\"12503\" style=\"float: left;max-width: 50px;\" src=\"https:\/\/agendagotsch.com\/wp-content\/plugins\/wp-advanced-pdf\/asset\/images\/pdf.png\" alt=\"#TB_inline?height=230&amp;width=400&amp;inlineId=examplePopup1\" title=\"Export pdf to your Email\" class=\"thickbox export-pdf\" type=\"image\" value=\"Export to PDF\" \/><\/div>\t\t<div data-elementor-type=\"wp-post\" data-elementor-id=\"24205\" class=\"elementor elementor-24205\" data-elementor-settings=\"[]\">\n\t\t\t\t\t\t<div class=\"elementor-inner\">\n\t\t\t\t\t\t\t<div class=\"elementor-section-wrap\">\n\t\t\t\t\t\t\t<section class=\"elementor-section elementor-top-section elementor-element elementor-element-2301297 elementor-section-boxed elementor-section-height-default elementor-section-height-default\" data-id=\"2301297\" data-element_type=\"section\">\n\t\t\t\t\t\t<div class=\"elementor-container elementor-column-gap-default\">\n\t\t\t\t\t\t\t<div class=\"elementor-row\">\n\t\t\t\t\t<div class=\"elementor-column elementor-col-100 elementor-top-column elementor-element elementor-element-5b7bf9a\" data-id=\"5b7bf9a\" data-element_type=\"column\">\n\t\t\t<div class=\"elementor-column-wrap elementor-element-populated\">\n\t\t\t\t\t\t\t<div class=\"elementor-widget-wrap\">\n\t\t\t\t\t\t<div class=\"elementor-element elementor-element-db9e174 elementor-widget elementor-widget-text-editor\" data-id=\"db9e174\" data-element_type=\"widget\" data-widget_type=\"text-editor.default\">\n\t\t\t\t<div class=\"elementor-widget-container\">\n\t\t\t\t\t\t\t\t<div class=\"elementor-text-editor elementor-clearfix\">\n\t\t\t\t<p>Aqui voc\u00ea encontra os artigos publicado pelo agr\u00f4nomo e bi\u00f3logo Fernando Rebello, do <a href=\"https:\/\/cepeas.org\/\" target=\"_blank\" rel=\"noopener\">CEPEAS - Centro de Pesquisa em Agricultura Sintr\u00f3pica.<\/a><\/p>\t\t\t\t\t<\/div>\n\t\t\t\t\t\t<\/div>\n\t\t\t\t<\/div>\n\t\t\t\t\t\t<\/div>\n\t\t\t\t\t<\/div>\n\t\t<\/div>\n\t\t\t\t\t\t\t\t<\/div>\n\t\t\t\t\t<\/div>\n\t\t<\/section>\n\t\t\t\t<section class=\"elementor-section elementor-top-section elementor-element elementor-element-8ab8296 elementor-section-boxed elementor-section-height-default elementor-section-height-default\" data-id=\"8ab8296\" data-element_type=\"section\">\n\t\t\t\t\t\t<div class=\"elementor-container elementor-column-gap-default\">\n\t\t\t\t\t\t\t<div class=\"elementor-row\">\n\t\t\t\t\t<div class=\"elementor-column elementor-col-100 elementor-top-column elementor-element elementor-element-8d1b45c\" data-id=\"8d1b45c\" data-element_type=\"column\">\n\t\t\t<div class=\"elementor-column-wrap elementor-element-populated\">\n\t\t\t\t\t\t\t<div class=\"elementor-widget-wrap\">\n\t\t\t\t\t\t<div class=\"elementor-element elementor-element-0a5eea1 elementor-grid-2 elementor-grid-tablet-2 elementor-grid-mobile-1 elementor-posts--thumbnail-top elementor-widget elementor-widget-posts\" data-id=\"0a5eea1\" data-element_type=\"widget\" data-settings=\"{&quot;classic_columns&quot;:&quot;2&quot;,&quot;classic_columns_tablet&quot;:&quot;2&quot;,&quot;classic_columns_mobile&quot;:&quot;1&quot;,&quot;classic_row_gap&quot;:{&quot;unit&quot;:&quot;px&quot;,&quot;size&quot;:35,&quot;sizes&quot;:[]},&quot;classic_row_gap_tablet&quot;:{&quot;unit&quot;:&quot;px&quot;,&quot;size&quot;:&quot;&quot;,&quot;sizes&quot;:[]},&quot;classic_row_gap_mobile&quot;:{&quot;unit&quot;:&quot;px&quot;,&quot;size&quot;:&quot;&quot;,&quot;sizes&quot;:[]}}\" data-widget_type=\"posts.classic\">\n\t\t\t\t<div class=\"elementor-widget-container\">\n\t\t\t\t\t<div class=\"elementor-posts-container elementor-posts elementor-posts--skin-classic elementor-grid\">\n\t\t\t\t<article class=\"elementor-post elementor-grid-item post-24474 post type-post status-publish format-standard has-post-thumbnail hentry category-cepeas category-life-in-syntropy\">\n\t\t\t\t<a class=\"elementor-post__thumbnail__link\" href=\"https:\/\/agendagotsch.com\/pt\/large-scale-syntropic-farming-results-and-challenges\/\" >\n\t\t\t<div class=\"elementor-post__thumbnail\"><img width=\"300\" height=\"300\" src=\"https:\/\/agendagotsch.com\/wp-content\/uploads\/2019\/08\/cover-fernando-300x300.jpg\" class=\"attachment-medium size-medium\" alt=\"\" loading=\"lazy\" \/><\/div>\n\t\t<\/a>\n\t\t\t\t<div class=\"elementor-post__text\">\n\t\t\t\t<h3 class=\"elementor-post__title\">\n\t\t\t<a href=\"https:\/\/agendagotsch.com\/pt\/large-scale-syntropic-farming-results-and-challenges\/\" >\n\t\t\t\tAGRICULTURA SINTR\u00d3PICA EM LARGA ESCALA, RESULTADOS E DESAFIOS\t\t\t<\/a>\n\t\t<\/h3>\n\t\t\t\t<div class=\"elementor-post__meta-data\">\n\t\t\t\t\t<span class=\"elementor-post-author\">\n\t\t\tFernando Rebello\t\t<\/span>\n\t\t\t\t<span class=\"elementor-post-date\">\n\t\t\tagosto 19, 2019\t\t<\/span>\n\t\t\t\t<\/div>\n\t\t\t\t<div class=\"elementor-post__excerpt\">\n\t\t\t<p>Autores: Jos\u00e9 Fernando dos Santos Rebello (1), Daniela Ghiringhelo Sakamoto (2) \nRevis\u00e3o lingu\u00edstica: Dayana Andrade e Maria Teresa Mhereb \nTradu\u00e7\u00e3o para ingl\u00eas: Maria Teresa Mhereb e Ana Lu\u00edsa Mhereb\n(1) Bi\u00f3logo e Engenheiro Agr\u00f4nomo. Analista Ambiental do Parque Nacional Chapada dos Veadeiros \u2013 ICMBio e fundador do CEPEAS. (2) Engenheira Agr\u00f4noma e Pedagoga. Fundadora do CEPEAS<\/p>\n\t\t<\/div>\n\t\t\n\t\t<a class=\"elementor-post__read-more\" href=\"https:\/\/agendagotsch.com\/pt\/large-scale-syntropic-farming-results-and-challenges\/\" >\n\t\t\tLeia mais \u00bb\t\t<\/a>\n\n\t\t\t\t<\/div>\n\t\t\t\t<\/article>\n\t\t\t\t<article class=\"elementor-post elementor-grid-item post-14108 post type-post status-publish format-standard has-post-thumbnail hentry category-cepeas category-life-in-syntropy\">\n\t\t\t\t<a class=\"elementor-post__thumbnail__link\" href=\"https:\/\/agendagotsch.com\/pt\/the-beauty-of-a-garden-meets-the-abundance-of-a-forest\/\" >\n\t\t\t<div class=\"elementor-post__thumbnail\"><img width=\"300\" height=\"300\" src=\"https:\/\/agendagotsch.com\/wp-content\/uploads\/2019\/03\/cepeas-cover-300x300.jpg\" class=\"attachment-medium size-medium\" alt=\"\" loading=\"lazy\" \/><\/div>\n\t\t<\/a>\n\t\t\t\t<div class=\"elementor-post__text\">\n\t\t\t\t<h3 class=\"elementor-post__title\">\n\t\t\t<a href=\"https:\/\/agendagotsch.com\/pt\/the-beauty-of-a-garden-meets-the-abundance-of-a-forest\/\" >\n\t\t\t\tO encontro entre a beleza dos jardins e a abund\u00e2ncia das florestas\t\t\t<\/a>\n\t\t<\/h3>\n\t\t\t\t<div class=\"elementor-post__meta-data\">\n\t\t\t\t\t<span class=\"elementor-post-author\">\n\t\t\tFernando Rebello\t\t<\/span>\n\t\t\t\t<span class=\"elementor-post-date\">\n\t\t\tmar\u00e7o 10, 2019\t\t<\/span>\n\t\t\t\t<\/div>\n\t\t\t\t<div class=\"elementor-post__excerpt\">\n\t\t\t<p>Ao longo da Hist\u00f3ria os jardins sempre estiveram presentes como testemunha do momento cultural, das riquezas e da religiosidade dos povos. Os jardins da Antiguidade eram instalados no interior ou no entorno de pal\u00e1cios, em \u00e1reas planas ou em patamares, e plantavam-se frutas, legumes e flores para alimenta\u00e7\u00e3o e tamb\u00e9m para a celebra\u00e7\u00e3o de rituais. De acordo com historiadores,<\/p>\n\t\t<\/div>\n\t\t\n\t\t<a class=\"elementor-post__read-more\" href=\"https:\/\/agendagotsch.com\/pt\/the-beauty-of-a-garden-meets-the-abundance-of-a-forest\/\" >\n\t\t\tLeia mais \u00bb\t\t<\/a>\n\n\t\t\t\t<\/div>\n\t\t\t\t<\/article>\n\t\t\t\t<article class=\"elementor-post elementor-grid-item post-12503 post type-post status-publish format-standard has-post-thumbnail hentry category-cepeas category-life-in-syntropy\">\n\t\t\t\t<a class=\"elementor-post__thumbnail__link\" href=\"https:\/\/agendagotsch.com\/pt\/how-to-escape-from-recipes-and-make-real-syntropic-farming-on-site\/\" >\n\t\t\t<div class=\"elementor-post__thumbnail\"><img width=\"300\" height=\"300\" src=\"https:\/\/agendagotsch.com\/wp-content\/uploads\/2018\/06\/life-in-syntropy-cepeas1-300x300.jpg\" class=\"attachment-medium size-medium\" alt=\"\" loading=\"lazy\" \/><\/div>\n\t\t<\/a>\n\t\t\t\t<div class=\"elementor-post__text\">\n\t\t\t\t<h3 class=\"elementor-post__title\">\n\t\t\t<a href=\"https:\/\/agendagotsch.com\/pt\/how-to-escape-from-recipes-and-make-real-syntropic-farming-on-site\/\" >\n\t\t\t\tComo escapar das \"receitas\" e fazer agricultura sintr\u00f3pica a partir do nosso lugar?\t\t\t<\/a>\n\t\t<\/h3>\n\t\t\t\t<div class=\"elementor-post__meta-data\">\n\t\t\t\t\t<span class=\"elementor-post-author\">\n\t\t\tFernando Rebello\t\t<\/span>\n\t\t\t\t<span class=\"elementor-post-date\">\n\t\t\tjunho 23, 2018\t\t<\/span>\n\t\t\t\t<\/div>\n\t\t\t\t<div class=\"elementor-post__excerpt\">\n\t\t\t<p>Se hoje algu\u00e9m me perguntasse qual \u00e9 o maior entrave para tornar agricultura sintr\u00f3pica a tecnologia mais comum no meio rural... Fernando Rebello<\/p>\n\t\t<\/div>\n\t\t\n\t\t<a class=\"elementor-post__read-more\" href=\"https:\/\/agendagotsch.com\/pt\/how-to-escape-from-recipes-and-make-real-syntropic-farming-on-site\/\" >\n\t\t\tLeia mais \u00bb\t\t<\/a>\n\n\t\t\t\t<\/div>\n\t\t\t\t<\/article>\n\t\t\t\t<\/div>\n\n\n\t\t\n\t\t\t\t<\/div>\n\t\t\t\t<\/div>\n\t\t\t\t\t\t<\/div>\n\t\t\t\t\t<\/div>\n\t\t<\/div>\n\t\t\t\t\t\t\t\t<\/div>\n\t\t\t\t\t<\/div>\n\t\t<\/section>\n\t\t\t\t\t\t<\/div>\n\t\t\t\t\t\t<\/div>\n\t\t\t\t\t<\/div>","protected":false},"excerpt":{"rendered":"<p>Here you find the articles from Fernando Rebello, from CEPEAS &#8211; Syntropic Agriculture Research Center.<\/p>","protected":false},"author":1,"featured_media":24206,"parent":0,"menu_order":0,"comment_status":"closed","ping_status":"closed","template":"","meta":[],"_links":{"self":[{"href":"https:\/\/agendagotsch.com\/pt\/wp-json\/wp\/v2\/pages\/24205"}],"collection":[{"href":"https:\/\/agendagotsch.com\/pt\/wp-json\/wp\/v2\/pages"}],"about":[{"href":"https:\/\/agendagotsch.com\/pt\/wp-json\/wp\/v2\/types\/page"}],"author":[{"embeddable":true,"href":"https:\/\/agendagotsch.com\/pt\/wp-json\/wp\/v2\/users\/1"}],"replies":[{"embeddable":true,"href":"https:\/\/agendagotsch.com\/pt\/wp-json\/wp\/v2\/comments?post=24205"}],"version-history":[{"count":0,"href":"https:\/\/agendagotsch.com\/pt\/wp-json\/wp\/v2\/pages\/24205\/revisions"}],"wp:featuredmedia":[{"embeddable":true,"href":"https:\/\/agendagotsch.com\/pt\/wp-json\/wp\/v2\/media\/24206"}],"wp:attachment":[{"href":"https:\/\/agendagotsch.com\/pt\/wp-json\/wp\/v2\/media?parent=24205"}],"curies":[{"name":"wp","href":"https:\/\/api.w.org\/{rel}","templated":true}]}}