{"id":24031,"date":"2019-07-12T10:50:18","date_gmt":"2019-07-12T10:50:18","guid":{"rendered":"https:\/\/agendagotsch.com\/?page_id=24031"},"modified":"2023-08-01T02:17:17","modified_gmt":"2023-08-01T02:17:17","slug":"ernst-gotsch","status":"publish","type":"page","link":"https:\/\/agendagotsch.com\/pt\/ernst-gotsch\/","title":{"rendered":"Ernst G\u00f6tsch"},"content":{"rendered":"<div style=\"min-height: 30px;\"><\/div>\t\t<div data-elementor-type=\"wp-post\" data-elementor-id=\"24031\" class=\"elementor elementor-24031\" data-elementor-settings=\"[]\">\n\t\t\t\t\t\t<div class=\"elementor-inner\">\n\t\t\t\t\t\t\t<div class=\"elementor-section-wrap\">\n\t\t\t\t\t\t\t<section class=\"elementor-section elementor-top-section elementor-element elementor-element-2a7bf9c elementor-section-boxed elementor-section-height-default elementor-section-height-default\" data-id=\"2a7bf9c\" data-element_type=\"section\">\n\t\t\t\t\t\t<div class=\"elementor-container elementor-column-gap-default\">\n\t\t\t\t\t\t\t<div class=\"elementor-row\">\n\t\t\t\t\t<div class=\"elementor-column elementor-col-100 elementor-top-column elementor-element elementor-element-8004621\" data-id=\"8004621\" data-element_type=\"column\">\n\t\t\t<div class=\"elementor-column-wrap elementor-element-populated\">\n\t\t\t\t\t\t\t<div class=\"elementor-widget-wrap\">\n\t\t\t\t\t\t<div class=\"elementor-element elementor-element-881c964 elementor-widget elementor-widget-text-editor\" data-id=\"881c964\" data-element_type=\"widget\" data-widget_type=\"text-editor.default\">\n\t\t\t\t<div class=\"elementor-widget-container\">\n\t\t\t\t\t\t\t\t<div class=\"elementor-text-editor elementor-clearfix\">\n\t\t\t\t<p>Nascido em 1948 em Raperswilen, na Su\u00ed\u00e7a, Ernst G\u00f6tsch migrou para o Brasil no come\u00e7o da d\u00e9cada de 1980, estabelecendo-se em uma fazenda na zona cacaueira do sul da Bahia. Anos antes, G\u00f6tsch havia decidido abandonar o trabalho de pesquisa em melhoramento gen\u00e9tico na institui\u00e7\u00e3o estatal FAP Z\u00fcrich-Reckenholz, (hoje Agroscope), ap\u00f3s uma constata\u00e7\u00e3o inquietante:<\/p>\t\t\t\t\t<\/div>\n\t\t\t\t\t\t<\/div>\n\t\t\t\t<\/div>\n\t\t\t\t\t\t<\/div>\n\t\t\t\t\t<\/div>\n\t\t<\/div>\n\t\t\t\t\t\t\t\t<\/div>\n\t\t\t\t\t<\/div>\n\t\t<\/section>\n\t\t\t\t<section class=\"elementor-section elementor-top-section elementor-element elementor-element-04a9762 elementor-section-boxed elementor-section-height-default elementor-section-height-default\" data-id=\"04a9762\" data-element_type=\"section\">\n\t\t\t\t\t\t<div class=\"elementor-container elementor-column-gap-default\">\n\t\t\t\t\t\t\t<div class=\"elementor-row\">\n\t\t\t\t\t<div class=\"elementor-column elementor-col-100 elementor-top-column elementor-element elementor-element-a7eaa86\" data-id=\"a7eaa86\" data-element_type=\"column\">\n\t\t\t<div class=\"elementor-column-wrap elementor-element-populated\">\n\t\t\t\t\t\t\t<div class=\"elementor-widget-wrap\">\n\t\t\t\t\t\t<div class=\"elementor-element elementor-element-a466260 elementor-widget elementor-widget-text-editor\" data-id=\"a466260\" data-element_type=\"widget\" data-widget_type=\"text-editor.default\">\n\t\t\t\t<div class=\"elementor-widget-container\">\n\t\t\t\t\t\t\t\t<div class=\"elementor-text-editor elementor-clearfix\">\n\t\t\t\t<h4><em>\u201cSer\u00e1 que n\u00e3o conseguir\u00edamos maior resultado se procur\u00e1ssemos modos de cultivo que proporcionassem condi\u00e7\u00f5es favor\u00e1veis ao bom desenvolvimento das plantas, ao inv\u00e9s de criar gen\u00f3tipos que suportem os maus-tratos a que as submetemos?\u201d Ernst G\u00f6tsch<\/em><\/h4>\t\t\t\t\t<\/div>\n\t\t\t\t\t\t<\/div>\n\t\t\t\t<\/div>\n\t\t\t\t\t\t<\/div>\n\t\t\t\t\t<\/div>\n\t\t<\/div>\n\t\t\t\t\t\t\t\t<\/div>\n\t\t\t\t\t<\/div>\n\t\t<\/section>\n\t\t\t\t<section class=\"elementor-section elementor-top-section elementor-element elementor-element-e30ec1e elementor-section-boxed elementor-section-height-default elementor-section-height-default\" data-id=\"e30ec1e\" data-element_type=\"section\">\n\t\t\t\t\t\t<div class=\"elementor-container elementor-column-gap-default\">\n\t\t\t\t\t\t\t<div class=\"elementor-row\">\n\t\t\t\t\t<div class=\"elementor-column elementor-col-100 elementor-top-column elementor-element elementor-element-c1b3c52\" data-id=\"c1b3c52\" data-element_type=\"column\">\n\t\t\t<div class=\"elementor-column-wrap elementor-element-populated\">\n\t\t\t\t\t\t\t<div class=\"elementor-widget-wrap\">\n\t\t\t\t\t\t<div class=\"elementor-element elementor-element-4a8e44d elementor-widget elementor-widget-text-editor\" data-id=\"4a8e44d\" data-element_type=\"widget\" data-widget_type=\"text-editor.default\">\n\t\t\t\t<div class=\"elementor-widget-container\">\n\t\t\t\t\t\t\t\t<div class=\"elementor-text-editor elementor-clearfix\">\n\t\t\t\t<p>Ciente de que as respostas que buscava n\u00e3o viriam do laborat\u00f3rio, pediu demiss\u00e3o, e a partir de 1974, arrendou \u00e1reas na Su\u00ed\u00e7a e Alemanha para iniciar seus experimentos no campo. Influenciado pelas teorias da Agricultura Ecol\u00f3gica lan\u00e7adas por Hans Peter Rush e Hans M\u00fcller, combinou sistematicamente o cultivo de verduras, ra\u00edzes e gr\u00e3os, em busca de intera\u00e7\u00f5es que resultassem em maior produtividade. Deu um passo importante ao integrar a fruticultura aos seus desenhos, e observou os benef\u00edcios que as \u00e1rvores traziam para o sistema, tanto pela mat\u00e9ria org\u00e2nica oriunda das madeiras, quanto pela intera\u00e7\u00e3o com outras esp\u00e9cies. Prop\u00f4s aumentar a diversidade dos cons\u00f3rcios, incluindo n\u00e3o s\u00f3 esp\u00e9cies de ciclo curto, mas de todos os est\u00e1gios de ocupa\u00e7\u00e3o florestal - das pioneiras (placenta) \u00e0s clim\u00e1xicas. Emergia ali seu entendimento de que as din\u00e2micas de sucess\u00e3o natural deveriam ser incorporadas \u00e0 agricultura, favorecendo, tal como em uma floresta, o estabelecimento de ecossistemas com n\u00edveis de organiza\u00e7\u00e3o cada vez mais amplos. Nesse per\u00edodo, uma de suas conclus\u00f5es foi de que a sa\u00fade da planta n\u00e3o dependia exclusivamente do tratamento dado a ela como indiv\u00edduo. Tampouco se resumia a rota\u00e7\u00e3o de culturas ou cons\u00f3rcios. Era preciso considerar o ecossistema por completo, tanto as rela\u00e7\u00f5es intraespec\u00edficas quanto as interespec\u00edficas.<\/p>\t\t\t\t\t<\/div>\n\t\t\t\t\t\t<\/div>\n\t\t\t\t<\/div>\n\t\t\t\t<div class=\"elementor-element elementor-element-581257d elementor-widget elementor-widget-image\" data-id=\"581257d\" data-element_type=\"widget\" data-widget_type=\"image.default\">\n\t\t\t\t<div class=\"elementor-widget-container\">\n\t\t\t\t\t\t\t\t<div class=\"elementor-image\">\n\t\t\t\t\t\t\t\t\t<figure class=\"wp-caption\">\n\t\t\t\t\t\t\t\t\t\t<img width=\"770\" height=\"432\" src=\"https:\/\/agendagotsch.com\/wp-content\/uploads\/2018\/07\/life-in-syntropy-bahia-2017-1024x575.jpg\" class=\"attachment-large size-large\" alt=\"\" loading=\"lazy\" srcset=\"https:\/\/agendagotsch.com\/wp-content\/uploads\/2018\/07\/life-in-syntropy-bahia-2017-1024x575.jpg 1024w, https:\/\/agendagotsch.com\/wp-content\/uploads\/2018\/07\/life-in-syntropy-bahia-2017-768x431.jpg 768w, https:\/\/agendagotsch.com\/wp-content\/uploads\/2018\/07\/life-in-syntropy-bahia-2017-370x208.jpg 370w, https:\/\/agendagotsch.com\/wp-content\/uploads\/2018\/07\/life-in-syntropy-bahia-2017-270x152.jpg 270w, https:\/\/agendagotsch.com\/wp-content\/uploads\/2018\/07\/life-in-syntropy-bahia-2017-570x320.jpg 570w, https:\/\/agendagotsch.com\/wp-content\/uploads\/2018\/07\/life-in-syntropy-bahia-2017-740x416.jpg 740w, https:\/\/agendagotsch.com\/wp-content\/uploads\/2018\/07\/life-in-syntropy-bahia-2017.jpg 1068w\" sizes=\"(max-width: 770px) 100vw, 770px\" \/>\t\t\t\t\t\t\t\t\t\t\t<figcaption class=\"widget-image-caption wp-caption-text\">Fazenda Olhos D'\u00e1gua, onde Ernst vive desde 1984 (photo: Felipe Pasini)<\/figcaption>\n\t\t\t\t\t\t\t\t\t\t<\/figure>\n\t\t\t\t\t\t\t\t<\/div>\n\t\t\t\t\t\t<\/div>\n\t\t\t\t<\/div>\n\t\t\t\t\t\t<\/div>\n\t\t\t\t\t<\/div>\n\t\t<\/div>\n\t\t\t\t\t\t\t\t<\/div>\n\t\t\t\t\t<\/div>\n\t\t<\/section>\n\t\t\t\t<section class=\"elementor-section elementor-top-section elementor-element elementor-element-e533539 elementor-section-boxed elementor-section-height-default elementor-section-height-default\" data-id=\"e533539\" data-element_type=\"section\">\n\t\t\t\t\t\t<div class=\"elementor-container elementor-column-gap-default\">\n\t\t\t\t\t\t\t<div class=\"elementor-row\">\n\t\t\t\t\t<div class=\"elementor-column elementor-col-100 elementor-top-column elementor-element elementor-element-42b8618\" data-id=\"42b8618\" data-element_type=\"column\">\n\t\t\t<div class=\"elementor-column-wrap elementor-element-populated\">\n\t\t\t\t\t\t\t<div class=\"elementor-widget-wrap\">\n\t\t\t\t\t\t<div class=\"elementor-element elementor-element-a1e6ae0 elementor-widget elementor-widget-text-editor\" data-id=\"a1e6ae0\" data-element_type=\"widget\" data-widget_type=\"text-editor.default\">\n\t\t\t\t<div class=\"elementor-widget-container\">\n\t\t\t\t\t\t\t\t<div class=\"elementor-text-editor elementor-clearfix\">\n\t\t\t\t<p>Os resultados de seus experimentos renderam-lhe ofertas de trabalho em outros pa\u00edses. Na Nam\u00edbia e Costa Rica aplicou suas ideias em contextos clim\u00e1ticos e sociais distintos, o que o aproximou dos tr\u00f3picos. A ida para o Brasil foi fruto da sociedade com um conterr\u00e2neo. Dono de terras na Bahia, pretendia entrar no mercado de cacau e convidou Ernst para gerenciar o empreendimento. O propriet\u00e1rio anterior havia extra\u00eddo as madeiras para abastecer uma serraria pr\u00f3pria, e quando n\u00e3o havia mais o que cortar, converteu a terra em pastagens. Em 1982 Ernst muda-se com a fam\u00edlia para os 480 hectares destinados ao projeto. Al\u00e9m da oportunidade de emprego, seria tamb\u00e9m uma chance para testar se os m\u00e9todos que havia desenvolvido na Europa e sobretudo na Costa Rica serviriam ao duplo prop\u00f3sito de reverter a degrada\u00e7\u00e3o dos solos e estabelecer a planta\u00e7\u00e3o de cacau na fazenda. Nos anos seguintes, reflorestou a propriedade, introduzindo o cacau como cultura chave, e publicou os resultados em <a href=\"https:\/\/cepeas.org\/wp-content\/uploads\/2018\/01\/2-Break-Through-in-Agriculture.pdf\" target=\"_blank\" rel=\"noopener\">&#8220;<\/a><a href=\"https:\/\/cepeas.org\/wp-content\/uploads\/2018\/01\/2-Break-Through-in-Agriculture.pdf\" target=\"_blank\" rel=\"noopener\">Breakthrough in Agriculture&#8221;<\/a> (1995). Naquele tempo, seu trabalho era conhecido como Agrofloresta Sucessional.<\/p>\t\t\t\t\t<\/div>\n\t\t\t\t\t\t<\/div>\n\t\t\t\t<\/div>\n\t\t\t\t<section class=\"elementor-section elementor-inner-section elementor-element elementor-element-dfc90da elementor-section-boxed elementor-section-height-default elementor-section-height-default\" data-id=\"dfc90da\" data-element_type=\"section\">\n\t\t\t\t\t\t<div class=\"elementor-container elementor-column-gap-default\">\n\t\t\t\t\t\t\t<div class=\"elementor-row\">\n\t\t\t\t\t<div class=\"elementor-column elementor-col-50 elementor-inner-column elementor-element elementor-element-c38b449\" data-id=\"c38b449\" data-element_type=\"column\">\n\t\t\t<div class=\"elementor-column-wrap elementor-element-populated\">\n\t\t\t\t\t\t\t<div class=\"elementor-widget-wrap\">\n\t\t\t\t\t\t<div class=\"elementor-element elementor-element-0f59e15 elementor-aspect-ratio-169 elementor-widget elementor-widget-video\" data-id=\"0f59e15\" data-element_type=\"widget\" data-settings=\"{&quot;video_type&quot;:&quot;vimeo&quot;,&quot;aspect_ratio&quot;:&quot;169&quot;}\" data-widget_type=\"video.default\">\n\t\t\t\t<div class=\"elementor-widget-container\">\n\t\t\t\t\t<div class=\"elementor-wrapper elementor-fit-aspect-ratio elementor-open-inline\">\n\t\t\t<iframe class=\"elementor-video-iframe\" allowfullscreen title=\"Player de V\u00eddeo vimeo\" src=\"https:\/\/player.vimeo.com\/video\/299841565?color&amp;autopause=0&amp;loop=0&amp;muted=0&amp;title=1&amp;portrait=1&amp;byline=1#t=\"><\/iframe>\t\t<\/div>\n\t\t\t\t<\/div>\n\t\t\t\t<\/div>\n\t\t\t\t\t\t<\/div>\n\t\t\t\t\t<\/div>\n\t\t<\/div>\n\t\t\t\t<div class=\"elementor-column elementor-col-50 elementor-inner-column elementor-element elementor-element-668f30f\" data-id=\"668f30f\" data-element_type=\"column\">\n\t\t\t<div class=\"elementor-column-wrap elementor-element-populated\">\n\t\t\t\t\t\t\t<div class=\"elementor-widget-wrap\">\n\t\t\t\t\t\t<div class=\"elementor-element elementor-element-92ee85b elementor-aspect-ratio-169 elementor-widget elementor-widget-video\" data-id=\"92ee85b\" data-element_type=\"widget\" data-settings=\"{&quot;video_type&quot;:&quot;vimeo&quot;,&quot;aspect_ratio&quot;:&quot;169&quot;}\" data-widget_type=\"video.default\">\n\t\t\t\t<div class=\"elementor-widget-container\">\n\t\t\t\t\t<div class=\"elementor-wrapper elementor-fit-aspect-ratio elementor-open-inline\">\n\t\t\t<iframe class=\"elementor-video-iframe\" allowfullscreen title=\"Player de V\u00eddeo vimeo\" src=\"https:\/\/player.vimeo.com\/video\/347781055?color&amp;autopause=0&amp;loop=0&amp;muted=0&amp;title=1&amp;portrait=1&amp;byline=1#t=\"><\/iframe>\t\t<\/div>\n\t\t\t\t<\/div>\n\t\t\t\t<\/div>\n\t\t\t\t\t\t<\/div>\n\t\t\t\t\t<\/div>\n\t\t<\/div>\n\t\t\t\t\t\t\t\t<\/div>\n\t\t\t\t\t<\/div>\n\t\t<\/section>\n\t\t\t\t\t\t<\/div>\n\t\t\t\t\t<\/div>\n\t\t<\/div>\n\t\t\t\t\t\t\t\t<\/div>\n\t\t\t\t\t<\/div>\n\t\t<\/section>\n\t\t\t\t<section class=\"elementor-section elementor-top-section elementor-element elementor-element-e2eb4f1 elementor-section-boxed elementor-section-height-default elementor-section-height-default\" data-id=\"e2eb4f1\" data-element_type=\"section\">\n\t\t\t\t\t\t<div class=\"elementor-container elementor-column-gap-default\">\n\t\t\t\t\t\t\t<div class=\"elementor-row\">\n\t\t\t\t\t<div class=\"elementor-column elementor-col-100 elementor-top-column elementor-element elementor-element-9590097\" data-id=\"9590097\" data-element_type=\"column\">\n\t\t\t<div class=\"elementor-column-wrap elementor-element-populated\">\n\t\t\t\t\t\t\t<div class=\"elementor-widget-wrap\">\n\t\t\t\t\t\t<div class=\"elementor-element elementor-element-626bc62 elementor-widget elementor-widget-text-editor\" data-id=\"626bc62\" data-element_type=\"widget\" data-widget_type=\"text-editor.default\">\n\t\t\t\t<div class=\"elementor-widget-container\">\n\t\t\t\t\t\t\t\t<div class=\"elementor-text-editor elementor-clearfix\">\n\t\t\t\t<p>No in\u00edcio da d\u00e9cada de 90, Ernst G\u00f6tsch comprou a parte de seu s\u00f3cio e tornou-se propriet\u00e1rio da \u00e1rea, ent\u00e3o rebatizada como \u201cFazenda Olhos D'\u00e1gua\u201d. No per\u00edodo subsequente, foi contratado por iniciativas p\u00fablicas, privadas e do terceiro setor e tamb\u00e9m atendeu a convites para ministrar cursos e palestras.<\/p>\t\t\t\t\t<\/div>\n\t\t\t\t\t\t<\/div>\n\t\t\t\t<\/div>\n\t\t\t\t\t\t<\/div>\n\t\t\t\t\t<\/div>\n\t\t<\/div>\n\t\t\t\t\t\t\t\t<\/div>\n\t\t\t\t\t<\/div>\n\t\t<\/section>\n\t\t\t\t\t\t<\/div>\n\t\t\t\t\t\t<\/div>\n\t\t\t\t\t<\/div>","protected":false},"excerpt":{"rendered":"<p>Ernst G\u00f6tsch was born in 1948 in Raperswilen, Switzerland, and migrated to Brazil in the early 1980s, establishing himself in a farm in southern Bahia. Years before, G\u00f6tsch had decided to quit a research job on genetic enhancement at the state-owned FAP Z\u00fcrich-Reckenholz (today&#8217;s Agroscope), after a disturbing questioning: &#8220;Wouldn&#8217;t we achieve greater results if [&hellip;]<\/p>","protected":false},"author":762,"featured_media":24237,"parent":0,"menu_order":0,"comment_status":"closed","ping_status":"closed","template":"elementor_canvas","meta":[],"_links":{"self":[{"href":"https:\/\/agendagotsch.com\/pt\/wp-json\/wp\/v2\/pages\/24031"}],"collection":[{"href":"https:\/\/agendagotsch.com\/pt\/wp-json\/wp\/v2\/pages"}],"about":[{"href":"https:\/\/agendagotsch.com\/pt\/wp-json\/wp\/v2\/types\/page"}],"author":[{"embeddable":true,"href":"https:\/\/agendagotsch.com\/pt\/wp-json\/wp\/v2\/users\/762"}],"replies":[{"embeddable":true,"href":"https:\/\/agendagotsch.com\/pt\/wp-json\/wp\/v2\/comments?post=24031"}],"version-history":[{"count":1,"href":"https:\/\/agendagotsch.com\/pt\/wp-json\/wp\/v2\/pages\/24031\/revisions"}],"predecessor-version":[{"id":83437,"href":"https:\/\/agendagotsch.com\/pt\/wp-json\/wp\/v2\/pages\/24031\/revisions\/83437"}],"wp:featuredmedia":[{"embeddable":true,"href":"https:\/\/agendagotsch.com\/pt\/wp-json\/wp\/v2\/media\/24237"}],"wp:attachment":[{"href":"https:\/\/agendagotsch.com\/pt\/wp-json\/wp\/v2\/media?parent=24031"}],"curies":[{"name":"wp","href":"https:\/\/api.w.org\/{rel}","templated":true}]}}