{"id":23015,"date":"2019-06-25T20:20:36","date_gmt":"2019-06-25T20:20:36","guid":{"rendered":"https:\/\/lifeinsyntropy.org\/?page_id=23015"},"modified":"2021-10-07T13:58:37","modified_gmt":"2021-10-07T13:58:37","slug":"authors","status":"publish","type":"page","link":"https:\/\/agendagotsch.com\/pt\/authors\/","title":{"rendered":"Autores"},"content":{"rendered":"<div style=\"min-height: 30px;\"><input id=\"12917\" style=\"float: left;max-width: 50px;\" src=\"https:\/\/agendagotsch.com\/wp-content\/plugins\/wp-advanced-pdf\/asset\/images\/pdf.png\" alt=\"#TB_inline?height=230&amp;width=400&amp;inlineId=examplePopup1\" title=\"Export pdf to your Email\" class=\"thickbox export-pdf\" type=\"image\" value=\"Export to PDF\" \/><\/div>\t\t<div data-elementor-type=\"wp-post\" data-elementor-id=\"23015\" class=\"elementor elementor-23015\" data-elementor-settings=\"[]\">\n\t\t\t\t\t\t<div class=\"elementor-inner\">\n\t\t\t\t\t\t\t<div class=\"elementor-section-wrap\">\n\t\t\t\t\t\t\t<section class=\"elementor-section elementor-top-section elementor-element elementor-element-7598fd1 elementor-section-boxed elementor-section-height-default elementor-section-height-default\" data-id=\"7598fd1\" data-element_type=\"section\">\n\t\t\t\t\t\t<div class=\"elementor-container elementor-column-gap-default\">\n\t\t\t\t\t\t\t<div class=\"elementor-row\">\n\t\t\t\t\t<div class=\"elementor-column elementor-col-100 elementor-top-column elementor-element elementor-element-3bec3ef\" data-id=\"3bec3ef\" data-element_type=\"column\">\n\t\t\t<div class=\"elementor-column-wrap elementor-element-populated\">\n\t\t\t\t\t\t\t<div class=\"elementor-widget-wrap\">\n\t\t\t\t\t\t<div class=\"elementor-element elementor-element-4b51c96 elementor-author-box--layout-image-above elementor-author-box--align-center elementor-widget elementor-widget-author-box\" data-id=\"4b51c96\" data-element_type=\"widget\" data-widget_type=\"author-box.default\">\n\t\t\t\t<div class=\"elementor-widget-container\">\n\t\t\t\t\t<div class=\"elementor-author-box\">\n\t\t\t\t\t\t\t<a href=\"http:\/\/agendagotsch.com\/pt\/author\/ernstgostch\/\" target=\"_blank\" class=\"elementor-author-box__avatar\">\n\t\t\t\t\t<img src=\"https:\/\/agendagotsch.com\/wp-content\/uploads\/2019\/08\/Ernst_Gotsch_agendagotsch-bio-300x300.jpg\" alt=\"Ernst G\u00f6tsch\">\n\t\t\t\t<\/a>\n\t\t\t\n\t\t\t<div class=\"elementor-author-box__text\">\n\t\t\t\t\t\t\t\t\t<a href=\"http:\/\/agendagotsch.com\/pt\/author\/ernstgostch\/\" target=\"_blank\">\n\t\t\t\t\t\t<h4 class=\"elementor-author-box__name\">\n\t\t\t\t\t\t\tErnst G\u00f6tsch\t\t\t\t\t\t<\/h4>\n\t\t\t\t\t<\/a>\n\t\t\t\t\n\t\t\t\t\t\t\t\t\t<div class=\"elementor-author-box__bio\">\n\t\t\t\t\t\t<p>Ernst \u00e9 um agricultor e pesquisador su\u00ed\u00e7o com mais de 40 anos de experi\u00eancia e realiza\u00e7\u00f5es no campo da agricultura sustent\u00e1vel. Ao longo de sua vida, G\u00f6tsch desenvolveu t\u00e9cnicas que reconciliam a produ\u00e7\u00e3o agr\u00edcola com a regenera\u00e7\u00e3o da paisagem. O conjunto de princ\u00edpios e t\u00e9cnicas por ele desenvolvidos tornou-se mundialmente conhecido como Agricultura Sintr\u00f3pica, e sua aplica\u00e7\u00e3o pr\u00e1tica \u00e9 evidente em sua fazenda na Bahia, com a recomposi\u00e7\u00e3o de 410 hectares de terras degradadas, o ressurgimento de 14 nascentes e o reaparecimento de esp\u00e9cies de fauna nativa. Al\u00e9m de sua fazenda, ele realiza workshops e consultorias em todo o mundo.<\/p>\n\t\t\t\t\t<\/div>\n\t\t\t\t\n\t\t\t\t\t\t\t\t\t<a class=\"elementor-author-box__button elementor-button elementor-size-xs\" href=\"http:\/\/agendagotsch.com\/pt\/author\/ernstgostch\/\">\n\t\t\t\t\t\tPosts de Ernst\t\t\t\t\t<\/a>\n\t\t\t\t\t\t\t<\/div>\n\t\t<\/div>\n\t\t\t\t<\/div>\n\t\t\t\t<\/div>\n\t\t\t\t<div class=\"elementor-element elementor-element-ac27252 elementor-widget elementor-widget-spacer\" data-id=\"ac27252\" data-element_type=\"widget\" data-widget_type=\"spacer.default\">\n\t\t\t\t<div class=\"elementor-widget-container\">\n\t\t\t\t\t<div class=\"elementor-spacer\">\n\t\t\t<div class=\"elementor-spacer-inner\"><\/div>\n\t\t<\/div>\n\t\t\t\t<\/div>\n\t\t\t\t<\/div>\n\t\t\t\t<section class=\"elementor-section elementor-inner-section elementor-element elementor-element-1248218 elementor-section-boxed elementor-section-height-default elementor-section-height-default\" data-id=\"1248218\" data-element_type=\"section\">\n\t\t\t\t\t\t<div class=\"elementor-container elementor-column-gap-default\">\n\t\t\t\t\t\t\t<div class=\"elementor-row\">\n\t\t\t\t\t<div class=\"elementor-column elementor-col-50 elementor-inner-column elementor-element elementor-element-76187af\" data-id=\"76187af\" data-element_type=\"column\">\n\t\t\t<div class=\"elementor-column-wrap elementor-element-populated\">\n\t\t\t\t\t\t\t<div class=\"elementor-widget-wrap\">\n\t\t\t\t\t\t<div class=\"elementor-element elementor-element-4ce67e5 elementor-author-box--layout-image-above elementor-author-box--align-center elementor-widget elementor-widget-author-box\" data-id=\"4ce67e5\" data-element_type=\"widget\" data-widget_type=\"author-box.default\">\n\t\t\t\t<div class=\"elementor-widget-container\">\n\t\t\t\t\t<div class=\"elementor-author-box\">\n\t\t\t\t\t\t\t<a href=\"http:\/\/agendagotsch.com\/pt\/author\/dayana\/\" target=\"_blank\" class=\"elementor-author-box__avatar\">\n\t\t\t\t\t<img src=\"https:\/\/agendagotsch.com\/wp-content\/uploads\/2018\/06\/life-in-syntropy-ernst-gotsch-dayana-andrade-300x300.jpg\" alt=\"Dayana Andrade\">\n\t\t\t\t<\/a>\n\t\t\t\n\t\t\t<div class=\"elementor-author-box__text\">\n\t\t\t\t\t\t\t\t\t<a href=\"http:\/\/agendagotsch.com\/pt\/author\/dayana\/\" target=\"_blank\">\n\t\t\t\t\t\t<h4 class=\"elementor-author-box__name\">\n\t\t\t\t\t\t\tDayana Andrade\t\t\t\t\t\t<\/h4>\n\t\t\t\t\t<\/a>\n\t\t\t\t\n\t\t\t\t\t\t\t\t\t<div class=\"elementor-author-box__bio\">\n\t\t\t\t\t\t<p>Com uma forma\u00e7\u00e3o acad\u00eamica transdisciplinar, Dayana Andrade transita entre as \u00e1reas da Comunica\u00e7\u00e3o e das Ci\u00eancias da Vida e, desde 2009, vem aplicando tais compet\u00eancias ao estudo te\u00f3rico, \u00e0s experi\u00eancias pr\u00e1ticas e \u00e0 difus\u00e3o da Agricultura Sintr\u00f3pica. Dentre os trabalhos de comunica\u00e7\u00e3o destacam-se a idealiza\u00e7\u00e3o e a realiza\u00e7\u00e3o dos portais \u201cAgenda G\u00f6tsch\u201d e \u201cLife in Syntropy\u201d, nos quais escreve textos e produz v\u00eddeos. Juntamente com os autores da telenovela \"Velho Chico\" - indicada ao Emmy Award em 2018 - ajudou a trazer importantes quest\u00f5es relacionadas \u00e0 agricultura e ao meio ambiente para um p\u00fablico mais amplo. De sua experi\u00eancia em campo ressalta-se, entre os anos de 2016 e 2018, a manuten\u00e7\u00e3o das \u00e1reas experimentais no Centro de Forma\u00e7\u00e3o de Agricultura Sintr\u00f3pica do Rio de Janeiro. No \u00e2mbito acad\u00eamico, tem Doutorado em Ci\u00eancias Ambientais e Conserva\u00e7\u00e3o pela UFRJ, com tese defendida sobre a adotabilidade da Agricultura Sintr\u00f3pica.<\/p>\n\t\t\t\t\t<\/div>\n\t\t\t\t\n\t\t\t\t\t\t\t\t\t<a class=\"elementor-author-box__button elementor-button elementor-size-xs\" href=\"http:\/\/agendagotsch.com\/pt\/author\/dayana\/\">\n\t\t\t\t\t\tPosts de Dayana\t\t\t\t\t<\/a>\n\t\t\t\t\t\t\t<\/div>\n\t\t<\/div>\n\t\t\t\t<\/div>\n\t\t\t\t<\/div>\n\t\t\t\t\t\t<\/div>\n\t\t\t\t\t<\/div>\n\t\t<\/div>\n\t\t\t\t<div class=\"elementor-column elementor-col-50 elementor-inner-column elementor-element elementor-element-47c2bcf\" data-id=\"47c2bcf\" data-element_type=\"column\">\n\t\t\t<div class=\"elementor-column-wrap elementor-element-populated\">\n\t\t\t\t\t\t\t<div class=\"elementor-widget-wrap\">\n\t\t\t\t\t\t<div class=\"elementor-element elementor-element-502128b elementor-author-box--layout-image-above elementor-author-box--align-center elementor-widget elementor-widget-author-box\" data-id=\"502128b\" data-element_type=\"widget\" data-widget_type=\"author-box.default\">\n\t\t\t\t<div class=\"elementor-widget-container\">\n\t\t\t\t\t<div class=\"elementor-author-box\">\n\t\t\t\t\t\t\t<a href=\"http:\/\/agendagotsch.com\/pt\/author\/felipe\/\" target=\"_blank\" class=\"elementor-author-box__avatar\">\n\t\t\t\t\t<img src=\"https:\/\/agendagotsch.com\/wp-content\/uploads\/2019\/06\/perfil-Felipe-Pasini.jpg\" alt=\"Felipe Pasini\">\n\t\t\t\t<\/a>\n\t\t\t\n\t\t\t<div class=\"elementor-author-box__text\">\n\t\t\t\t\t\t\t\t\t<a href=\"http:\/\/agendagotsch.com\/pt\/author\/felipe\/\" target=\"_blank\">\n\t\t\t\t\t\t<h4 class=\"elementor-author-box__name\">\n\t\t\t\t\t\t\tFelipe Pasini\t\t\t\t\t\t<\/h4>\n\t\t\t\t\t<\/a>\n\t\t\t\t\n\t\t\t\t\t\t\t\t\t<div class=\"elementor-author-box__bio\">\n\t\t\t\t\t\t<p>Um dos pioneiros na divulga\u00e7\u00e3o do trabalho de Ernst G\u00f6tsch com o filme \u201cNeste Ch\u00e3o Tudo D\u00e1\u201d, Felipe Pasini come\u00e7ou sua trajet\u00f3ria em 2006 e sempre manteve uma vida dupla entre a profiss\u00e3o de jornalista e os plantios na fazenda que mais tarde sediaria o Centro de Forma\u00e7\u00e3o em Agricultura Sintr\u00f3pica do Rio de Janeiro. Acompanha de perto Ernst G\u00f6tsch nos projetos que desenvolve no Brasil e no exterior e o resultado dessa intensa intera\u00e7\u00e3o \u00e9 sempre traduzido na forma de textos e v\u00eddeos divulgados nos portais Agenda Gotsch e Life in Syntropy. Tem Mestrado pela Universidade Federal do Rio de Janeiro, com a disserta\u00e7\u00e3o \"Agricultura Sintr\u00f3pica de Ernst G\u00f6tsch: hist\u00f3ria, fundamentos e seu nicho no universo da Agricultura Sustent\u00e1vel\u201d, trabalhou na assessoria t\u00e9cnica para a elabora\u00e7\u00e3o das cenas sobre agricultura da novela Velho Chico indicada para o Emmy Awards 2018, e ministra cursos com \u00eanfase nos princ\u00edpios da Agricultura Sintr\u00f3pica.<\/p>\n\t\t\t\t\t<\/div>\n\t\t\t\t\n\t\t\t\t\t\t\t\t\t<a class=\"elementor-author-box__button elementor-button elementor-size-xs\" href=\"http:\/\/agendagotsch.com\/pt\/author\/felipe\/\">\n\t\t\t\t\t\tPosts de Felipe\t\t\t\t\t<\/a>\n\t\t\t\t\t\t\t<\/div>\n\t\t<\/div>\n\t\t\t\t<\/div>\n\t\t\t\t<\/div>\n\t\t\t\t\t\t<\/div>\n\t\t\t\t\t<\/div>\n\t\t<\/div>\n\t\t\t\t\t\t\t\t<\/div>\n\t\t\t\t\t<\/div>\n\t\t<\/section>\n\t\t\t\t<section class=\"elementor-section elementor-inner-section elementor-element elementor-element-c6762a7 elementor-section-boxed elementor-section-height-default elementor-section-height-default\" data-id=\"c6762a7\" data-element_type=\"section\">\n\t\t\t\t\t\t<div class=\"elementor-container elementor-column-gap-default\">\n\t\t\t\t\t\t\t<div class=\"elementor-row\">\n\t\t\t\t\t<div class=\"elementor-column elementor-col-100 elementor-inner-column elementor-element elementor-element-8abdf71\" data-id=\"8abdf71\" data-element_type=\"column\">\n\t\t\t<div class=\"elementor-column-wrap\">\n\t\t\t\t\t\t\t<div class=\"elementor-widget-wrap\">\n\t\t\t\t\t\t\t\t<\/div>\n\t\t\t\t\t<\/div>\n\t\t<\/div>\n\t\t\t\t\t\t\t\t<\/div>\n\t\t\t\t\t<\/div>\n\t\t<\/section>\n\t\t\t\t<div class=\"elementor-element elementor-element-42023c5 elementor-widget elementor-widget-spacer\" data-id=\"42023c5\" data-element_type=\"widget\" data-widget_type=\"spacer.default\">\n\t\t\t\t<div class=\"elementor-widget-container\">\n\t\t\t\t\t<div class=\"elementor-spacer\">\n\t\t\t<div class=\"elementor-spacer-inner\"><\/div>\n\t\t<\/div>\n\t\t\t\t<\/div>\n\t\t\t\t<\/div>\n\t\t\t\t<div class=\"elementor-element elementor-element-fedf686 elementor-widget elementor-widget-heading\" data-id=\"fedf686\" data-element_type=\"widget\" data-widget_type=\"heading.default\">\n\t\t\t\t<div class=\"elementor-widget-container\">\n\t\t\t<h2 class=\"elementor-heading-title elementor-size-default\">Saiba mais<\/h2>\t\t<\/div>\n\t\t\t\t<\/div>\n\t\t\t\t\t\t<\/div>\n\t\t\t\t\t<\/div>\n\t\t<\/div>\n\t\t\t\t\t\t\t\t<\/div>\n\t\t\t\t\t<\/div>\n\t\t<\/section>\n\t\t\t\t<section class=\"elementor-section elementor-top-section elementor-element elementor-element-ae0d74e elementor-section-boxed elementor-section-height-default elementor-section-height-default\" data-id=\"ae0d74e\" data-element_type=\"section\">\n\t\t\t\t\t\t<div class=\"elementor-container elementor-column-gap-default\">\n\t\t\t\t\t\t\t<div class=\"elementor-row\">\n\t\t\t\t\t<div class=\"elementor-column elementor-col-100 elementor-top-column elementor-element elementor-element-474d489\" data-id=\"474d489\" data-element_type=\"column\">\n\t\t\t<div class=\"elementor-column-wrap elementor-element-populated\">\n\t\t\t\t\t\t\t<div class=\"elementor-widget-wrap\">\n\t\t\t\t\t\t<div class=\"elementor-element elementor-element-1173133 elementor-grid-2 elementor-grid-tablet-2 elementor-grid-mobile-1 elementor-posts--thumbnail-top elementor-card-shadow-yes elementor-posts__hover-gradient elementor-widget elementor-widget-posts\" data-id=\"1173133\" data-element_type=\"widget\" data-settings=\"{&quot;cards_columns&quot;:&quot;2&quot;,&quot;cards_columns_tablet&quot;:&quot;2&quot;,&quot;cards_columns_mobile&quot;:&quot;1&quot;,&quot;cards_row_gap&quot;:{&quot;unit&quot;:&quot;px&quot;,&quot;size&quot;:35,&quot;sizes&quot;:[]},&quot;cards_row_gap_tablet&quot;:{&quot;unit&quot;:&quot;px&quot;,&quot;size&quot;:&quot;&quot;,&quot;sizes&quot;:[]},&quot;cards_row_gap_mobile&quot;:{&quot;unit&quot;:&quot;px&quot;,&quot;size&quot;:&quot;&quot;,&quot;sizes&quot;:[]}}\" data-widget_type=\"posts.cards\">\n\t\t\t\t<div class=\"elementor-widget-container\">\n\t\t\t\t\t<div class=\"elementor-posts-container elementor-posts elementor-posts--skin-cards elementor-grid\">\n\t\t\t\t<article class=\"elementor-post elementor-grid-item post-13031 post type-post status-publish format-standard has-post-thumbnail hentry category-life-in-syntropy tag-cover tag-film-festivals-awards tag-history tag-velho-chico\">\n\t\t\t<div class=\"elementor-post__card\">\n\t\t\t\t<a class=\"elementor-post__thumbnail__link\" href=\"https:\/\/agendagotsch.com\/pt\/a-bit-of-our-history-ii-intense-years\/\" ><div class=\"elementor-post__thumbnail\"><img width=\"300\" height=\"300\" src=\"https:\/\/agendagotsch.com\/wp-content\/uploads\/2018\/07\/life-in-syntropy-fiat-lux-vatican-2-300x300.jpg\" class=\"attachment-medium size-medium\" alt=\"\" loading=\"lazy\" srcset=\"https:\/\/agendagotsch.com\/wp-content\/uploads\/2018\/07\/life-in-syntropy-fiat-lux-vatican-2-300x300.jpg 300w, https:\/\/agendagotsch.com\/wp-content\/uploads\/2018\/07\/life-in-syntropy-fiat-lux-vatican-2-150x150.jpg 150w\" sizes=\"(max-width: 300px) 100vw, 300px\" \/><\/div><\/a>\n\t\t\t\t<div class=\"elementor-post__text\">\n\t\t\t\t<h3 class=\"elementor-post__title\">\n\t\t\t<a href=\"https:\/\/agendagotsch.com\/pt\/a-bit-of-our-history-ii-intense-years\/\" >\n\t\t\t\tUm pouco da nossa hist\u00f3ria II - anos intensos\t\t\t<\/a>\n\t\t<\/h3>\n\t\t\n\t\t<a class=\"elementor-post__read-more\" href=\"https:\/\/agendagotsch.com\/pt\/a-bit-of-our-history-ii-intense-years\/\" >\n\t\t\tLeia mais \u00bb\t\t<\/a>\n\n\t\t\t\t<\/div>\n\t\t\t\t\t<\/div>\n\t\t<\/article>\n\t\t\t\t<article class=\"elementor-post elementor-grid-item post-12917 post type-post status-publish format-standard has-post-thumbnail hentry category-life-in-syntropy tag-cover tag-history tag-on-this-ground-everything-grows\">\n\t\t\t<div class=\"elementor-post__card\">\n\t\t\t\t<a class=\"elementor-post__thumbnail__link\" href=\"https:\/\/agendagotsch.com\/pt\/a-bit-of-our-history-first-records\/\" ><div class=\"elementor-post__thumbnail\"><img width=\"300\" height=\"300\" src=\"https:\/\/agendagotsch.com\/wp-content\/uploads\/2018\/07\/life-in-syntropy-neste-chao-300x300.jpg\" class=\"attachment-medium size-medium\" alt=\"\" loading=\"lazy\" srcset=\"https:\/\/agendagotsch.com\/wp-content\/uploads\/2018\/07\/life-in-syntropy-neste-chao-300x300.jpg 300w, https:\/\/agendagotsch.com\/wp-content\/uploads\/2018\/07\/life-in-syntropy-neste-chao-150x150.jpg 150w\" sizes=\"(max-width: 300px) 100vw, 300px\" \/><\/div><\/a>\n\t\t\t\t<div class=\"elementor-post__text\">\n\t\t\t\t<h3 class=\"elementor-post__title\">\n\t\t\t<a href=\"https:\/\/agendagotsch.com\/pt\/a-bit-of-our-history-first-records\/\" >\n\t\t\t\tUm pouco da nossa hist\u00f3ria - primeiros registros\t\t\t<\/a>\n\t\t<\/h3>\n\t\t\n\t\t<a class=\"elementor-post__read-more\" href=\"https:\/\/agendagotsch.com\/pt\/a-bit-of-our-history-first-records\/\" >\n\t\t\tLeia mais \u00bb\t\t<\/a>\n\n\t\t\t\t<\/div>\n\t\t\t\t\t<\/div>\n\t\t<\/article>\n\t\t\t\t<\/div>\n\n\n\t\t\n\t\t\t\t<\/div>\n\t\t\t\t<\/div>\n\t\t\t\t\t\t<\/div>\n\t\t\t\t\t<\/div>\n\t\t<\/div>\n\t\t\t\t\t\t\t\t<\/div>\n\t\t\t\t\t<\/div>\n\t\t<\/section>\n\t\t\t\t\t\t<\/div>\n\t\t\t\t\t\t<\/div>\n\t\t\t\t\t<\/div>","protected":false},"excerpt":{"rendered":"<p>Saiba mais<\/p>","protected":false},"author":1,"featured_media":0,"parent":0,"menu_order":0,"comment_status":"closed","ping_status":"closed","template":"template-full-width.php","meta":[],"_links":{"self":[{"href":"https:\/\/agendagotsch.com\/pt\/wp-json\/wp\/v2\/pages\/23015"}],"collection":[{"href":"https:\/\/agendagotsch.com\/pt\/wp-json\/wp\/v2\/pages"}],"about":[{"href":"https:\/\/agendagotsch.com\/pt\/wp-json\/wp\/v2\/types\/page"}],"author":[{"embeddable":true,"href":"https:\/\/agendagotsch.com\/pt\/wp-json\/wp\/v2\/users\/1"}],"replies":[{"embeddable":true,"href":"https:\/\/agendagotsch.com\/pt\/wp-json\/wp\/v2\/comments?post=23015"}],"version-history":[{"count":6,"href":"https:\/\/agendagotsch.com\/pt\/wp-json\/wp\/v2\/pages\/23015\/revisions"}],"predecessor-version":[{"id":83336,"href":"https:\/\/agendagotsch.com\/pt\/wp-json\/wp\/v2\/pages\/23015\/revisions\/83336"}],"wp:attachment":[{"href":"https:\/\/agendagotsch.com\/pt\/wp-json\/wp\/v2\/media?parent=23015"}],"curies":[{"name":"wp","href":"https:\/\/api.w.org\/{rel}","templated":true}]}}